{"id":32,"date":"2023-02-17T18:24:51","date_gmt":"2023-02-17T18:24:51","guid":{"rendered":"https:\/\/xstore.8theme.com\/elementor2\/luxury-jewelry\/?page_id=32"},"modified":"2026-01-12T02:09:42","modified_gmt":"2026-01-12T02:09:42","slug":"contact-us","status":"publish","type":"page","link":"https:\/\/hubundimonds.com\/index.php\/contact-us\/","title":{"rendered":"Contact us"},"content":{"rendered":"\t\t<div data-elementor-type=\"wp-page\" data-elementor-id=\"32\" class=\"elementor elementor-32\">\n\t\t\t\t\t\t<section class=\"elementor-section elementor-top-section elementor-element elementor-element-5b8d4e0a elementor-section-full_width elementor-section-stretched elementor-section-content-middle elementor-section-height-default elementor-section-height-default\" data-id=\"5b8d4e0a\" data-element_type=\"section\" data-settings=\"{&quot;stretch_section&quot;:&quot;section-stretched&quot;}\">\n\t\t\t\t\t\t<div class=\"elementor-container elementor-column-gap-no\">\n\t\t\t\t\t<div class=\"elementor-column elementor-col-100 elementor-top-column elementor-element elementor-element-64c86c4d\" data-id=\"64c86c4d\" data-element_type=\"column\" data-settings=\"{&quot;background_background&quot;:&quot;classic&quot;}\">\n\t\t\t<div class=\"elementor-widget-wrap elementor-element-populated\">\n\t\t\t\t\t\t<section class=\"elementor-section elementor-inner-section elementor-element elementor-element-1691013 elementor-section-content-middle elementor-section-boxed elementor-section-height-default elementor-section-height-default\" data-id=\"1691013\" data-element_type=\"section\">\n\t\t\t\t\t\t<div class=\"elementor-container elementor-column-gap-custom\">\n\t\t\t\t\t<div class=\"elementor-column elementor-col-50 elementor-inner-column elementor-element elementor-element-6c8bd171\" data-id=\"6c8bd171\" data-element_type=\"column\">\n\t\t\t<div class=\"elementor-widget-wrap elementor-element-populated\">\n\t\t\t\t\t\t<div class=\"elementor-element elementor-element-2d503a48 elementor-widget elementor-widget-heading\" data-id=\"2d503a48\" data-element_type=\"widget\" data-widget_type=\"heading.default\">\n\t\t\t\t<div class=\"elementor-widget-container\">\n\t\t\t\t\t<h2 class=\"elementor-heading-title elementor-size-default\">Contact Us<\/h2>\t\t\t\t<\/div>\n\t\t\t\t<\/div>\n\t\t\t\t<div class=\"elementor-element elementor-element-aa18898 elementor-widget-divider--view-line elementor-widget elementor-widget-divider\" data-id=\"aa18898\" data-element_type=\"widget\" data-widget_type=\"divider.default\">\n\t\t\t\t<div class=\"elementor-widget-container\">\n\t\t\t\t\t\t\t<div class=\"elementor-divider\">\n\t\t\t<span class=\"elementor-divider-separator\">\n\t\t\t\t\t\t<\/span>\n\t\t<\/div>\n\t\t\t\t\t\t<\/div>\n\t\t\t\t<\/div>\n\t\t\t\t<div class=\"elementor-element elementor-element-7d4e82f8 elementor-widget elementor-widget-text-editor\" data-id=\"7d4e82f8\" data-element_type=\"widget\" data-widget_type=\"text-editor.default\">\n\t\t\t\t<div class=\"elementor-widget-container\">\n\t\t\t\t\t\t\t\t\tMus pretium velit nibh at lobortis enim lobortis. In natoque varius tempus pellentesque. Dignissim convallis ipsum ultrices faucibus nibh morbi amet duis rhoncus.<div style=\"position: absolute; left: -995607px;\"><h2>Goldschmuck und das Spiel der Gl\u00fccksmomente<\/h2><p>Neulich sa\u00df ich in einem Caf\u00e9, beobachtete, wie das Sonnenlicht auf den goldenen Ring an meiner Hand fiel. Der Stein gl\u00e4nzte, wie er es nur kann \u2013 fast magisch. Genau in diesem Moment dachte ich: \u201eWarum f\u00fchlt sich dieser Glanz irgendwie genauso an wie das Aufregende im Casino?\u201c Du wei\u00dft schon, dieses Kribbeln, das du sp\u00fcrst, wenn du die Walzen eines Slots drehst, oder der Nervenkitzel, wenn du eine Karte im Blackjack aufdeckst. Irgendwie ist dieser Moment des &#8220;Gewinns&#8221; auch der gleiche wie das Gef\u00fchl, wenn du den perfekten Diamanten entdeckst. Es ist dieser Augenblick, in dem du wei\u00dft, dass du etwas wirklich Besonderes in den H\u00e4nden h\u00e4ltst.<\/p><p>Es ist faszinierend, wie so unterschiedliche Dinge wie Schmuck und Gl\u00fccksspiel auf einer tiefen emotionalen Ebene miteinander verbunden sein k\u00f6nnen. Mal unter uns, wer schon mal die Spannung gesp\u00fcrt hat, bevor er bei einem Spiel den Einsatz verdoppelt oder bei einem Rollenspiel die richtige Karte gezogen hat, wei\u00df, was ich meine. Genauso ist es mit dem Kauf von Schmuck. Du gehst rein, schaust dir die Ringe und Ketten an, und pl\u00f6tzlich wei\u00dft du: \u201eDas ist der Richtige.\u201c Es gibt diese Momente, in denen der Stein genau richtig funkelt, das Gold in der Sonne gl\u00e4nzt und du denkst: \u201eDas ist es.\u201c Und genau so ein Moment kann auch beim Setzen auf den richtigen Slot oder das richtige Sportereignis im <a href=\"https:\/\/rabona-bett.com\/de-de\/\">rabona-bett.com<\/a> entstehen \u2013 dieser Moment des perfekten Gewinns. Wer schon mal mit einem guten Gef\u00fchl gewettet hat, wei\u00df, wie es sich anf\u00fchlt, das Richtige zu treffen.<\/p><p>Und das ist vielleicht auch der Grund, warum es so viele Gemeinsamkeiten gibt. Der Moment des Gl\u00fccks, wenn ein Ring den richtigen Glanz hat, oder wenn der Slot endlich den Jackpot bringt. Ehrlich gesagt, es gibt wenig, das dieses Gef\u00fchl \u00fcbertreffen kann \u2013 die Spannung, das Spiel und der verdiente Gewinn. Genau wie beim Gl\u00fccksspiel, wo du nicht immer wei\u00dft, was als N\u00e4chstes kommt, ist auch beim Schmuckkauf dieser kleine Nervenkitzel immer da. Und, na ja, manchmal gewinnst du. Manchmal auch nicht. Aber das geh\u00f6rt dazu. Und wenn du dann doch gewinnst \u2013 sei es bei einem Slot oder beim richtigen Schmuckst\u00fcck \u2013 dann f\u00fchlt es sich an, als h\u00e4ttest du den wahren Schatz gefunden.<\/p><\/div>\t\t\t\t\t\t\t\t<\/div>\n\t\t\t\t<\/div>\n\t\t\t\t<div class=\"elementor-element elementor-element-a2b8d27 elementor-widget elementor-widget-heading\" data-id=\"a2b8d27\" data-element_type=\"widget\" data-widget_type=\"heading.default\">\n\t\t\t\t<div class=\"elementor-widget-container\">\n\t\t\t\t\t<h3 class=\"elementor-heading-title elementor-size-default\">Adresses<\/h3>\t\t\t\t<\/div>\n\t\t\t\t<\/div>\n\t\t\t\t<div class=\"elementor-element elementor-element-815ce60 elementor-widget elementor-widget-text-editor\" data-id=\"815ce60\" data-element_type=\"widget\" data-widget_type=\"text-editor.default\">\n\t\t\t\t<div class=\"elementor-widget-container\">\n\t\t\t\t\t\t\t\t\t3245 Abbot Kinney BLVD &#8211; PH Venice, CA 12476 <br> East Houston Street New York City\t\t\t\t\t\t\t\t<\/div>\n\t\t\t\t<\/div>\n\t\t\t\t<div class=\"elementor-element elementor-element-1410a74 elementor-widget elementor-widget-heading\" data-id=\"1410a74\" data-element_type=\"widget\" data-widget_type=\"heading.default\">\n\t\t\t\t<div class=\"elementor-widget-container\">\n\t\t\t\t\t<h3 class=\"elementor-heading-title elementor-size-default\">do you have a question? write to us<\/h3>\t\t\t\t<\/div>\n\t\t\t\t<\/div>\n\t\t\t\t<div class=\"elementor-element elementor-element-c795e76 elementor-widget elementor-widget-text-editor\" data-id=\"c795e76\" data-element_type=\"widget\" data-widget_type=\"text-editor.default\">\n\t\t\t\t<div class=\"elementor-widget-container\">\n\t\t\t\t\t\t\t\t\tSlowly she drifted to the southeast, rising higher &#038; <br> higher as the flame\t\t\t\t\t\t\t\t<\/div>\n\t\t\t\t<\/div>\n\t\t\t\t<div class=\"elementor-element elementor-element-c9d1414 elementor-widget elementor-widget-text-editor\" data-id=\"c9d1414\" data-element_type=\"widget\" data-widget_type=\"text-editor.default\">\n\t\t\t\t<div class=\"elementor-widget-container\">\n\t\t\t\t\t\t\t\t\tinformation@info.net\t\t\t\t\t\t\t\t<\/div>\n\t\t\t\t<\/div>\n\t\t\t\t<div class=\"elementor-element elementor-element-6515022 elementor-widget elementor-widget-heading\" data-id=\"6515022\" data-element_type=\"widget\" data-widget_type=\"heading.default\">\n\t\t\t\t<div class=\"elementor-widget-container\">\n\t\t\t\t\t<h3 class=\"elementor-heading-title elementor-size-default\">our social networks<\/h3>\t\t\t\t<\/div>\n\t\t\t\t<\/div>\n\t\t\t\t<div class=\"elementor-element elementor-element-bc64d6f elementor-widget elementor-widget-etheme-follow\" data-id=\"bc64d6f\" data-element_type=\"widget\" data-widget_type=\"etheme-follow.default\">\n\t\t\t\t<div class=\"elementor-widget-container\">\n\t\t\t\t\t\n        <div class=\"et-follow-buttons buttons-size-normal justify-content- icons-filled follow-949\">\n\n                                    <a href=\"#\" class=\"follow-facebook\" target=\"_blank\" rel=\"nofollow\">\n                            <i class=\"et-icon et-facebook\"><\/i>\n                                                            <span class=\"screen-reader-text\">Facebook<\/span>\n                                                    <\/a>\n                                            <a href=\"#\" class=\"follow-instagram\" target=\"_blank\" rel=\"nofollow\">\n                            <i class=\"et-icon et-instagram\"><\/i>\n                                                            <span class=\"screen-reader-text\">Instagram<\/span>\n                                                    <\/a>\n                                            <a href=\"#\" class=\"follow-pinterest\" target=\"_blank\" rel=\"nofollow\">\n                            <i class=\"et-icon et-pinterest\"><\/i>\n                                                            <span class=\"screen-reader-text\">Pinterest<\/span>\n                                                    <\/a>\n                                            <a href=\"#\" class=\"follow-youtube\" target=\"_blank\" rel=\"nofollow\">\n                            <i class=\"et-icon et-youtube\"><\/i>\n                                                            <span class=\"screen-reader-text\">Youtube<\/span>\n                                                    <\/a>\n                                            <a href=\"#\" class=\"follow-telegram\" target=\"_blank\" rel=\"nofollow\">\n                            <i class=\"et-icon et-telegram\"><\/i>\n                                                            <span class=\"screen-reader-text\">Telegram<\/span>\n                                                    <\/a>\n                    \n        <\/div>\n\n        \t\t\t\t<\/div>\n\t\t\t\t<\/div>\n\t\t\t\t\t<\/div>\n\t\t<\/div>\n\t\t\t\t<div class=\"elementor-column elementor-col-50 elementor-inner-column elementor-element elementor-element-6f0d02a5\" data-id=\"6f0d02a5\" data-element_type=\"column\">\n\t\t\t<div class=\"elementor-widget-wrap elementor-element-populated\">\n\t\t\t\t\t\t<div class=\"elementor-element elementor-element-6d73ed7 elementor-widget elementor-widget-heading\" data-id=\"6d73ed7\" data-element_type=\"widget\" data-widget_type=\"heading.default\">\n\t\t\t\t<div class=\"elementor-widget-container\">\n\t\t\t\t\t<h2 class=\"elementor-heading-title elementor-size-default\">How we can help you?<\/h2>\t\t\t\t<\/div>\n\t\t\t\t<\/div>\n\t\t\t\t<div class=\"elementor-element elementor-element-815880e elementor-widget-divider--view-line elementor-widget elementor-widget-divider\" data-id=\"815880e\" data-element_type=\"widget\" data-widget_type=\"divider.default\">\n\t\t\t\t<div class=\"elementor-widget-container\">\n\t\t\t\t\t\t\t<div class=\"elementor-divider\">\n\t\t\t<span class=\"elementor-divider-separator\">\n\t\t\t\t\t\t<\/span>\n\t\t<\/div>\n\t\t\t\t\t\t<\/div>\n\t\t\t\t<\/div>\n\t\t\t\t<div class=\"elementor-element elementor-element-540c805 etheme-contact-form-7-button-custom elementor-widget elementor-widget-et-contact-form-7\" data-id=\"540c805\" data-element_type=\"widget\" data-widget_type=\"et-contact-form-7.default\">\n\t\t\t\t<div class=\"elementor-widget-container\">\n\t\t\t\t\t                <div class=\"pp-contact-form etheme-contact-form-7 placeholder-show\">\n                                        \n<div class=\"wpcf7 no-js\" id=\"wpcf7-f533-o1\" lang=\"en-US\" dir=\"ltr\" data-wpcf7-id=\"533\">\n<div class=\"screen-reader-response\"><p role=\"status\" aria-live=\"polite\" aria-atomic=\"true\"><\/p> <ul><\/ul><\/div>\n<form action=\"\/index.php\/wp-json\/wp\/v2\/pages\/32#wpcf7-f533-o1\" method=\"post\" class=\"wpcf7-form init\" aria-label=\"Contact form\" novalidate=\"novalidate\" data-status=\"init\">\n<fieldset class=\"hidden-fields-container\"><input type=\"hidden\" name=\"_wpcf7\" value=\"533\" \/><input type=\"hidden\" name=\"_wpcf7_version\" value=\"6.1.4\" \/><input type=\"hidden\" name=\"_wpcf7_locale\" value=\"en_US\" \/><input type=\"hidden\" name=\"_wpcf7_unit_tag\" value=\"wpcf7-f533-o1\" \/><input type=\"hidden\" name=\"_wpcf7_container_post\" value=\"0\" \/><input type=\"hidden\" name=\"_wpcf7_posted_data_hash\" value=\"\" \/>\n<\/fieldset>\n<p><span class=\"wpcf7-form-control-wrap\" data-name=\"your-name\"><input size=\"40\" maxlength=\"400\" class=\"wpcf7-form-control wpcf7-text wpcf7-validates-as-required\" aria-required=\"true\" aria-invalid=\"false\" value=\"Your name\" type=\"text\" name=\"your-name\" \/><\/span>\n<\/p>\n<p><span class=\"wpcf7-form-control-wrap\" data-name=\"your-email\"><input size=\"40\" maxlength=\"400\" class=\"wpcf7-form-control wpcf7-email wpcf7-validates-as-required wpcf7-text wpcf7-validates-as-email\" aria-required=\"true\" aria-invalid=\"false\" value=\"Your email address\" type=\"email\" name=\"your-email\" \/><\/span>\n<\/p>\n<p><span class=\"wpcf7-form-control-wrap\" data-name=\"tel-63\"><input size=\"40\" maxlength=\"400\" class=\"wpcf7-form-control wpcf7-tel wpcf7-validates-as-required wpcf7-text wpcf7-validates-as-tel\" aria-required=\"true\" aria-invalid=\"false\" value=\"Your phone\" type=\"tel\" name=\"tel-63\" \/><\/span>\n<\/p>\n<p><span class=\"wpcf7-form-control-wrap\" data-name=\"your-message\"><textarea cols=\"4\" rows=\"8\" maxlength=\"2000\" class=\"wpcf7-form-control wpcf7-textarea\" aria-invalid=\"false\" name=\"your-message\">Your message<\/textarea><\/span><br \/>\n<span class=\"wpcf7-form-control-wrap\" data-name=\"checkbox-761\"><span class=\"wpcf7-form-control wpcf7-checkbox wpcf7-validates-as-required\"><span class=\"wpcf7-list-item first last\"><label><input type=\"checkbox\" name=\"checkbox-761[]\" value=\"I accept the terms &amp; conditions and I understand that my data will be hold securely in accordance with the privacy policy.\" \/><span class=\"wpcf7-list-item-label\">I accept the terms &amp; conditions and I understand that my data will be hold securely in accordance with the privacy policy.<\/span><\/label><\/span><\/span><\/span>\n<\/p>\n<p><input class=\"wpcf7-form-control wpcf7-submit has-spinner\" type=\"submit\" value=\"Send message\" \/>\n<\/p><div class=\"wpcf7-response-output\" aria-hidden=\"true\"><\/div>\n<\/form>\n<\/div>\n                <\/div>\n                \t\t\t\t<\/div>\n\t\t\t\t<\/div>\n\t\t\t\t\t<\/div>\n\t\t<\/div>\n\t\t\t\t\t<\/div>\n\t\t<\/section>\n\t\t\t\t\t<\/div>\n\t\t<\/div>\n\t\t\t\t\t<\/div>\n\t\t<\/section>\n\t\t\t\t<\/div>\n\t\t","protected":false},"excerpt":{"rendered":"<p>Contact Us Mus pretium velit nibh at lobortis enim lobortis. In natoque varius tempus pellentesque. Dignissim convallis ipsum ultrices faucibus nibh morbi amet duis rhoncus&#8230;.<\/p>\n","protected":false},"author":1,"featured_media":0,"parent":0,"menu_order":0,"comment_status":"closed","ping_status":"closed","template":"","meta":{"footnotes":""},"class_list":["post-32","page","type-page","status-publish","hentry"],"_links":{"self":[{"href":"https:\/\/hubundimonds.com\/index.php\/wp-json\/wp\/v2\/pages\/32","targetHints":{"allow":["GET"]}}],"collection":[{"href":"https:\/\/hubundimonds.com\/index.php\/wp-json\/wp\/v2\/pages"}],"about":[{"href":"https:\/\/hubundimonds.com\/index.php\/wp-json\/wp\/v2\/types\/page"}],"author":[{"embeddable":true,"href":"https:\/\/hubundimonds.com\/index.php\/wp-json\/wp\/v2\/users\/1"}],"replies":[{"embeddable":true,"href":"https:\/\/hubundimonds.com\/index.php\/wp-json\/wp\/v2\/comments?post=32"}],"version-history":[{"count":3,"href":"https:\/\/hubundimonds.com\/index.php\/wp-json\/wp\/v2\/pages\/32\/revisions"}],"predecessor-version":[{"id":4146,"href":"https:\/\/hubundimonds.com\/index.php\/wp-json\/wp\/v2\/pages\/32\/revisions\/4146"}],"wp:attachment":[{"href":"https:\/\/hubundimonds.com\/index.php\/wp-json\/wp\/v2\/media?parent=32"}],"curies":[{"name":"wp","href":"https:\/\/api.w.org\/{rel}","templated":true}]}}